{"id":299,"date":"2025-02-28T00:14:45","date_gmt":"2025-02-27T21:14:45","guid":{"rendered":"https:\/\/marekayachting.com\/?page_id=299"},"modified":"2025-03-11T16:19:39","modified_gmt":"2025-03-11T13:19:39","slug":"mareka","status":"publish","type":"page","link":"https:\/\/marekayachting.com\/en\/mareka\/","title":{"rendered":"Mareka"},"content":{"rendered":"<div data-elementor-type=\"wp-page\" data-elementor-id=\"299\" class=\"elementor elementor-299\" data-elementor-post-type=\"page\">\n\t\t\t\t<div class=\"elementor-element elementor-element-f5ca5c7 e-flex e-con-boxed e-con e-parent\" data-id=\"f5ca5c7\" data-element_type=\"container\" data-settings=\"{&quot;background_background&quot;:&quot;video&quot;,&quot;background_video_link&quot;:&quot;https:\\\/\\\/marekayachting.com\\\/wp-content\\\/uploads\\\/2025\\\/02\\\/mareka-meda600.mp4&quot;,&quot;background_play_on_mobile&quot;:&quot;yes&quot;,&quot;sticky&quot;:&quot;top&quot;,&quot;sticky_on&quot;:[&quot;desktop&quot;,&quot;tablet&quot;,&quot;mobile&quot;],&quot;sticky_offset&quot;:0,&quot;sticky_effects_offset&quot;:0,&quot;sticky_anchor_link_offset&quot;:0}\">\n\t\t\t\t\t<div class=\"e-con-inner\">\n\t\t<div class=\"elementor-background-video-container\" aria-hidden=\"true\">\n\t\t\t\t\t\t\t<video class=\"elementor-background-video-hosted\" autoplay muted playsinline loop><\/video>\n\t\t\t\t\t<\/div><div class=\"elementor-element elementor-element-bb966f1 e-con-full e-flex e-con e-child\" data-id=\"bb966f1\" data-element_type=\"container\">\n\t\t\t\t<div class=\"elementor-element elementor-element-842ba39 elementor-widget elementor-widget-heading\" data-id=\"842ba39\" data-element_type=\"widget\" data-widget_type=\"heading.default\">\n\t\t\t\t\t<div class=\"elementor-heading-title elementor-size-default\">MAREKA YACHTING<\/div>\t\t\t\t<\/div>\n\t\t\t\t<div class=\"elementor-element elementor-element-8e8cd33 elementor-align-center elementor-widget elementor-widget-button\" data-id=\"8e8cd33\" data-element_type=\"widget\" data-widget_type=\"button.default\">\n\t\t\t\t\t\t\t\t\t\t<a class=\"elementor-button elementor-button-link elementor-size-sm\" href=\"#kaydir\">\n\t\t\t\t\t\t<span class=\"elementor-button-content-wrapper\">\n\t\t\t\t\t\t\t\t\t<span class=\"elementor-button-text\"> <\/span>\n\t\t\t\t\t<\/span>\n\t\t\t\t\t<\/a>\n\t\t\t\t\t\t\t\t<\/div>\n\t\t\t\t<\/div>\n\t\t\t\t\t<\/div>\n\t\t\t\t<\/div>\n\t\t<div class=\"elementor-element elementor-element-5f53acf e-flex e-con-boxed e-con e-parent\" data-id=\"5f53acf\" data-element_type=\"container\" id=\"kaydir\" data-settings=\"{&quot;background_background&quot;:&quot;classic&quot;}\">\n\t\t\t\t\t<div class=\"e-con-inner\">\n\t\t\t\t<div class=\"elementor-element elementor-element-dca08a0 elementor-widget elementor-widget-heading\" data-id=\"dca08a0\" data-element_type=\"widget\" data-widget_type=\"heading.default\">\n\t\t\t\t\t<div class=\"elementor-heading-title elementor-size-default\">Mareka Yat\u00e7\u0131l\u0131k | Hakk\u0131m\u0131zda<\/div>\t\t\t\t<\/div>\n\t\t\t\t<div class=\"elementor-element elementor-element-f736645 elementor-widget elementor-widget-text-editor\" data-id=\"f736645\" data-element_type=\"widget\" data-widget_type=\"text-editor.default\">\n\t\t\t\t\t\t\t\t\t<p>Mareka Yat\u00e7\u0131l\u0131k olarak 2021 y\u0131l\u0131 May\u0131s ay\u0131nda \u0130zmir\u2019de ba\u015flad\u0131\u011f\u0131m\u0131z bu yolculukta, deniz tutkunlar\u0131n\u0131n hayallerini teknoloji, kalite ve estetikle birle\u015ftiren \u00e7\u00f6z\u00fcmlere d\u00f6n\u00fc\u015ft\u00fcr\u00fcyoruz. 1000 m\u00b2\u2019lik modern tesisimizde, Avrupa standartlar\u0131nda \u00fcretim ve s\u0131k\u0131 kalite kontrol s\u00fcre\u00e7leriyle \u015fekillenen teknelerimiz, sekt\u00f6rde k\u0131sa s\u00fcrede ad\u0131m\u0131zdan s\u00f6z ettirmemizi sa\u011flad\u0131.<\/p><p>Her bir tekne, \u00f6zenle se\u00e7ilen malzemeler, detaylara verdi\u011fimiz \u00f6nem ve uzman ekibimizin titiz i\u015f\u00e7ili\u011fiyle hayat buluyor. Finishing a\u015famas\u0131nda benimsedi\u011fimiz m\u00fckemmeliyet\u00e7i yakla\u015f\u0131m, teknelerimizi yaln\u0131zca dayan\u0131kl\u0131 ve fonksiyonel de\u011fil, ayn\u0131 zamanda estetik bir sanat eseri haline getiriyor. Ancak bizim i\u00e7in as\u0131l \u00f6nemli olan, \u00fcretimle s\u0131n\u0131rl\u0131 kalmayan bir hizmet anlay\u0131\u015f\u0131: Sat\u0131\u015f sonras\u0131 destek s\u00fcre\u00e7lerimizle m\u00fc\u015fteri memnuniyetini daima \u00f6n planda tutuyor, her ad\u0131mda yan\u0131n\u0131zda oluyoruz.<\/p><p>&#8220;Beyond Expectations&#8221; slogan\u0131yla \u00e7\u0131kt\u0131\u011f\u0131m\u0131z bu yolda, yerli rakiplerimizden farkl\u0131la\u015fan Avrupa standartlardaki \u00fcretimimiz, yenilik\u00e7i tasar\u0131mlar\u0131m\u0131z ve m\u00fc\u015fteri odakl\u0131 vizyonumuzla sekt\u00f6re yeni bir soluk getiriyoruz. Denizlerin \u00f6zg\u00fcrl\u00fc\u011f\u00fcn\u00fc teknelerimize yans\u0131t\u0131rken, sizlerin g\u00fcvenini ve be\u011fenisini kazanmak en b\u00fcy\u00fck motivasyon kayna\u011f\u0131m\u0131z.<\/p><p>Mareka Yat\u00e7\u0131l\u0131k olarak, sadece tekne \u00fcretmiyor; denizle kurdu\u011funuz ba\u011f\u0131 g\u00fc\u00e7lendiren, hayallerinizi ger\u00e7e\u011fe d\u00f6n\u00fc\u015ft\u00fcren deneyimler yarat\u0131yoruz. \u00c7\u00fcnk\u00fc bizim i\u00e7in her tekne, bir hik\u00e2yenin ba\u015flang\u0131c\u0131d\u0131r.<\/p><p>Beklentilerin \u00f6tesine ge\u00e7meye haz\u0131r m\u0131s\u0131n\u0131z?<br \/><strong>Beyond Expectations<\/strong><\/p>\t\t\t\t\t\t\t\t<\/div>\n\t\t\t\t\t<\/div>\n\t\t\t\t<\/div>\n\t\t<div class=\"elementor-element elementor-element-cbfb37e e-con-full e-flex e-con e-parent\" data-id=\"cbfb37e\" data-element_type=\"container\" data-settings=\"{&quot;background_background&quot;:&quot;classic&quot;}\">\n\t\t\t\t<div class=\"elementor-element elementor-element-2e2c6a7 elementor-widget elementor-widget-image-carousel\" data-id=\"2e2c6a7\" data-element_type=\"widget\" data-settings=\"{&quot;navigation&quot;:&quot;none&quot;,&quot;image_spacing_custom&quot;:{&quot;unit&quot;:&quot;px&quot;,&quot;size&quot;:25,&quot;sizes&quot;:[]},&quot;slides_to_show&quot;:&quot;5&quot;,&quot;autoplay&quot;:&quot;yes&quot;,&quot;pause_on_hover&quot;:&quot;yes&quot;,&quot;pause_on_interaction&quot;:&quot;yes&quot;,&quot;autoplay_speed&quot;:5000,&quot;infinite&quot;:&quot;yes&quot;,&quot;speed&quot;:500,&quot;image_spacing_custom_tablet&quot;:{&quot;unit&quot;:&quot;px&quot;,&quot;size&quot;:&quot;&quot;,&quot;sizes&quot;:[]},&quot;image_spacing_custom_mobile&quot;:{&quot;unit&quot;:&quot;px&quot;,&quot;size&quot;:&quot;&quot;,&quot;sizes&quot;:[]}}\" data-widget_type=\"image-carousel.default\">\n\t\t\t\t\t\t\t<div class=\"elementor-image-carousel-wrapper swiper\" role=\"region\" aria-roledescription=\"carousel\" aria-label=\"Resim D\u00f6ng\u00fcs\u00fc\" dir=\"ltr\">\n\t\t\t<div class=\"elementor-image-carousel swiper-wrapper\" aria-live=\"off\">\n\t\t\t\t\t\t\t\t<div class=\"swiper-slide\" role=\"group\" aria-roledescription=\"slide\" aria-label=\"1 of 3\"><a data-elementor-open-lightbox=\"yes\" data-elementor-lightbox-slideshow=\"2e2c6a7\" data-elementor-lightbox-title=\"Sequence 01.00_06_12_00.Still002\" data-e-action-hash=\"#elementor-action%3Aaction%3Dlightbox%26settings%3DeyJpZCI6NDMsInVybCI6Imh0dHBzOlwvXC9tYXJla2F5YWNodGluZy5jb21cL3dwLWNvbnRlbnRcL3VwbG9hZHNcLzIwMjVcLzAyXC9TZXF1ZW5jZS0wMS4wMF8wNl8xMl8wMC5TdGlsbDAwMi5wbmciLCJzbGlkZXNob3ciOiIyZTJjNmE3In0%3D\" href=\"https:\/\/marekayachting.com\/wp-content\/uploads\/2025\/02\/Sequence-01.00_06_12_00.Still002.png\"><figure class=\"swiper-slide-inner\"><img decoding=\"async\" class=\"swiper-slide-image\" src=\"https:\/\/marekayachting.com\/wp-content\/uploads\/2025\/02\/Sequence-01.00_06_12_00.Still002.png\" alt=\"Sequence 01.00_06_12_00.Still002\" \/><\/figure><\/a><\/div><div class=\"swiper-slide\" role=\"group\" aria-roledescription=\"slide\" aria-label=\"2 of 3\"><a data-elementor-open-lightbox=\"yes\" data-elementor-lightbox-slideshow=\"2e2c6a7\" data-elementor-lightbox-title=\"Sequence 02.00_01_48_07.Still002\" data-e-action-hash=\"#elementor-action%3Aaction%3Dlightbox%26settings%3DeyJpZCI6MzIsInVybCI6Imh0dHBzOlwvXC9tYXJla2F5YWNodGluZy5jb21cL3dwLWNvbnRlbnRcL3VwbG9hZHNcLzIwMjVcLzAyXC9TZXF1ZW5jZS0wMi4wMF8wMV80OF8wNy5TdGlsbDAwMi5qcGciLCJzbGlkZXNob3ciOiIyZTJjNmE3In0%3D\" href=\"https:\/\/marekayachting.com\/wp-content\/uploads\/2025\/02\/Sequence-02.00_01_48_07.Still002.jpg\"><figure class=\"swiper-slide-inner\"><img decoding=\"async\" class=\"swiper-slide-image\" src=\"https:\/\/marekayachting.com\/wp-content\/uploads\/2025\/02\/Sequence-02.00_01_48_07.Still002.jpg\" alt=\"Sequence 02.00_01_48_07.Still002\" \/><\/figure><\/a><\/div><div class=\"swiper-slide\" role=\"group\" aria-roledescription=\"slide\" aria-label=\"3 of 3\"><a data-elementor-open-lightbox=\"yes\" data-elementor-lightbox-slideshow=\"2e2c6a7\" data-elementor-lightbox-title=\"Sequence 02.00_00_13_25.Still004\" data-e-action-hash=\"#elementor-action%3Aaction%3Dlightbox%26settings%3DeyJpZCI6ODEsInVybCI6Imh0dHBzOlwvXC9tYXJla2F5YWNodGluZy5jb21cL3dwLWNvbnRlbnRcL3VwbG9hZHNcLzIwMjVcLzAyXC9TZXF1ZW5jZS0wMi4wMF8wMF8xM18yNS5TdGlsbDAwNC5wbmciLCJzbGlkZXNob3ciOiIyZTJjNmE3In0%3D\" href=\"https:\/\/marekayachting.com\/wp-content\/uploads\/2025\/02\/Sequence-02.00_00_13_25.Still004.png\"><figure class=\"swiper-slide-inner\"><img decoding=\"async\" class=\"swiper-slide-image\" src=\"https:\/\/marekayachting.com\/wp-content\/uploads\/2025\/02\/Sequence-02.00_00_13_25.Still004.png\" alt=\"Sequence 02.00_00_13_25.Still004\" \/><\/figure><\/a><\/div>\t\t\t<\/div>\n\t\t\t\t\t\t\t\n\t\t\t\t\t\t\t\t\t<\/div>\n\t\t\t\t\t\t<\/div>\n\t\t\t\t<\/div>\n\t\t<div class=\"elementor-element elementor-element-5be73bf e-flex e-con-boxed e-con e-parent\" data-id=\"5be73bf\" data-element_type=\"container\" data-settings=\"{&quot;background_background&quot;:&quot;classic&quot;}\">\n\t\t\t\t\t<div class=\"e-con-inner\">\n\t\t<div class=\"elementor-element elementor-element-860839d e-con-full e-flex e-con e-child\" data-id=\"860839d\" data-element_type=\"container\">\n\t\t\t\t<div class=\"elementor-element elementor-element-3c3f31c elementor-widget elementor-widget-image\" data-id=\"3c3f31c\" data-element_type=\"widget\" data-widget_type=\"image.default\">\n\t\t\t\t\t\t\t\t\t\t\t\t\t\t\t<img fetchpriority=\"high\" decoding=\"async\" width=\"960\" height=\"1280\" src=\"https:\/\/marekayachting.com\/wp-content\/uploads\/2025\/03\/mareka-fabrika-1.jpg\" class=\"attachment-full size-full wp-image-857\" alt=\"\" srcset=\"https:\/\/marekayachting.com\/wp-content\/uploads\/2025\/03\/mareka-fabrika-1.jpg 960w, https:\/\/marekayachting.com\/wp-content\/uploads\/2025\/03\/mareka-fabrika-1-225x300.jpg 225w, https:\/\/marekayachting.com\/wp-content\/uploads\/2025\/03\/mareka-fabrika-1-768x1024.jpg 768w\" sizes=\"(max-width: 960px) 100vw, 960px\" \/>\t\t\t\t\t\t\t\t\t\t\t\t\t\t\t<\/div>\n\t\t\t\t<\/div>\n\t\t<div class=\"elementor-element elementor-element-a3a8f03 e-con-full e-flex e-con e-child\" data-id=\"a3a8f03\" data-element_type=\"container\">\n\t\t\t\t<div class=\"elementor-element elementor-element-e7856cf elementor-widget elementor-widget-heading\" data-id=\"e7856cf\" data-element_type=\"widget\" data-widget_type=\"heading.default\">\n\t\t\t\t\t<h3 class=\"elementor-heading-title elementor-size-default\">Fabrikam\u0131z\u0131 Ziyaret Edin. Kaliteye Dokunun!<\/h3>\t\t\t\t<\/div>\n\t\t\t\t<div class=\"elementor-element elementor-element-91a46fa elementor-widget elementor-widget-text-editor\" data-id=\"91a46fa\" data-element_type=\"widget\" data-widget_type=\"text-editor.default\">\n\t\t\t\t\t\t\t\t\t<p>Deniz tutkunlar\u0131n\u0131n hayallerini \u015fekillendiren teknelerimizin ard\u0131ndaki titiz s\u00fcreci yak\u0131ndan g\u00f6rmek ister misiniz? Mareka Yat\u00e7\u0131l\u0131k olarak, \u00fcretim a\u015famalar\u0131m\u0131z\u0131 ve kulland\u0131\u011f\u0131m\u0131z premium malzemeleri \u015feffafl\u0131kla sergilemekten gurur duyuyoruz. Fabrikam\u0131z\u0131 randevu ile ziyaret ederek, Avrupa standartlar\u0131ndaki \u00fcretim s\u00fcre\u00e7lerimizi, detaylara verdi\u011fimiz \u00f6zeni, ham madde kalitemizi ve kalite kontrol sistemlerimizi bizzat deneyimleyebilirsiniz. Bu ziyaret, yaln\u0131zca bir tekne sat\u0131n almakla kalmay\u0131p, uzman ekibimizin tutkusuyla harmanlanan bir <strong>&#8220;yat\u00e7\u0131l\u0131k sanat\u0131na&#8221;<\/strong> tan\u0131kl\u0131k etmenizi sa\u011flayacak. M\u00fc\u015fterilerimizin &#8220;en kaliteliyi nas\u0131l ald\u0131klar\u0131n\u0131&#8221; ad\u0131m ad\u0131m g\u00f6rmesi, tercihlerinden emin olmalar\u0131n\u0131n ilk ad\u0131m\u0131d\u0131r.<\/p><p>Bir tekne sat\u0131n alma karar\u0131, teknik detaylar ve g\u00fcven gerektiren \u00f6nemli bir s\u00fcre\u00e7tir. Biz de bu s\u00fcreci sizin i\u00e7in kolayla\u015ft\u0131r\u0131yoruz: Fabrikam\u0131zda ger\u00e7ekle\u015ftirece\u011finiz randevulu ziyaretlerde, \u00fcr\u00fcnlerimizin dayan\u0131kl\u0131l\u0131\u011f\u0131n\u0131, ergonomik tasar\u0131mlar\u0131n\u0131 ve finishing detaylar\u0131n\u0131 inceleme f\u0131rsat\u0131 bulacaks\u0131n\u0131z. Sizinle bire bir ilgilenen sat\u0131\u015f ekibimiz, t\u00fcm sorular\u0131n\u0131z\u0131 yan\u0131tlayacak ve ihtiya\u00e7lar\u0131n\u0131za \u00f6zel \u00e7\u00f6z\u00fcmler sunacakt\u0131r. \u015eeffafl\u0131k politikam\u0131z gere\u011fi, maliyetten \u00fcretim s\u00fcresine kadar her konuda net bilgilendirme yap\u0131yor, alaca\u011f\u0131n\u0131z \u00fcr\u00fcn\u00fcn de\u011ferini her y\u00f6n\u00fcyle hissetmenizi istiyoruz. <strong>&#8220;Beyond Expectations&#8221;<\/strong> slogan\u0131m\u0131z\u0131 hayata ge\u00e7irdi\u011fimiz bu atmosferde, sizi fabrikam\u0131zda a\u011f\u0131rlamaktan mutluluk duyaca\u011f\u0131z. Randevunuzu hemen olu\u015fturun ve Mareka fark\u0131n\u0131 ke\u015ffedin!<\/p>\t\t\t\t\t\t\t\t<\/div>\n\t\t\t\t<div class=\"elementor-element elementor-element-4d9f509 elementor-align-center elementor-widget elementor-widget-button\" data-id=\"4d9f509\" data-element_type=\"widget\" data-widget_type=\"button.default\">\n\t\t\t\t\t\t\t\t\t\t<a class=\"elementor-button elementor-button-link elementor-size-sm elementor-animation-grow\" href=\"#elementor-action%3Aaction%3Dpopup%3Aopen%26settings%3DeyJpZCI6Ijg5NiIsInRvZ2dsZSI6ZmFsc2V9\">\n\t\t\t\t\t\t<span class=\"elementor-button-content-wrapper\">\n\t\t\t\t\t\t\t\t\t<span class=\"elementor-button-text\">Randevu Talep Edin<\/span>\n\t\t\t\t\t<\/span>\n\t\t\t\t\t<\/a>\n\t\t\t\t\t\t\t\t<\/div>\n\t\t\t\t<\/div>\n\t\t\t\t\t<\/div>\n\t\t\t\t<\/div>\n\t\t\t\t<\/div>","protected":false},"excerpt":{"rendered":"<p>MAREKA YACHTING Mareka Yat\u00c3\u00a7\u00c4\u00b1l\u00c4\u00b1k | Hakk\u00c4\u00b1m\u00c4\u00b1zda Mareka Yat\u00c3\u00a7\u00c4\u00b1l\u00c4\u00b1k olarak 2021 y\u00c4\u00b1l\u00c4\u00b1 May\u00c4\u00b1s ay\u00c4\u00b1nda \u00c4\u00b0zmir\u00e2\u20ac\u2122de ba\u00c5\u0178lad\u00c4\u00b1\u00c4\u0178\u00c4\u00b1m\u00c4\u00b1z bu yolculukta, deniz tutkunlar\u00c4\u00b1n\u00c4\u00b1n hayallerini teknoloji, kalite ve estetikle birle\u00c5\u0178tiren \u00c3\u00a7\u00c3\u00b6z\u00c3\u00bcmlere d\u00c3\u00b6n\u00c3\u00bc\u00c5\u0178t\u00c3\u00bcr\u00c3\u00bcyoruz. 1000 m\u00c2\u00b2\u00e2\u20ac\u2122lik modern tesisimizde, Avrupa standartlar\u00c4\u00b1nda \u00c3\u00bcretim ve s\u00c4\u00b1k\u00c4\u00b1 kalite kontrol s\u00c3\u00bcre\u00c3\u00a7leriyle \u00c5\u0178ekillenen teknelerimiz, sekt\u00c3\u00b6rde k\u00c4\u00b1sa s\u00c3\u00bcrede ad\u00c4\u00b1m\u00c4\u00b1zdan s\u00c3\u00b6z ettirmemizi sa\u00c4\u0178lad\u00c4\u00b1. Her bir tekne, \u00c3\u00b6zenle se\u00c3\u00a7ilen malzemeler, detaylara [&hellip;]<\/p>","protected":false},"author":1,"featured_media":0,"parent":0,"menu_order":0,"comment_status":"closed","ping_status":"closed","template":"elementor_header_footer","meta":{"_acf_changed":false,"footnotes":""},"class_list":["post-299","page","type-page","status-publish","hentry"],"acf":[],"_links":{"self":[{"href":"https:\/\/marekayachting.com\/en\/wp-json\/wp\/v2\/pages\/299","targetHints":{"allow":["GET"]}}],"collection":[{"href":"https:\/\/marekayachting.com\/en\/wp-json\/wp\/v2\/pages"}],"about":[{"href":"https:\/\/marekayachting.com\/en\/wp-json\/wp\/v2\/types\/page"}],"author":[{"embeddable":true,"href":"https:\/\/marekayachting.com\/en\/wp-json\/wp\/v2\/users\/1"}],"replies":[{"embeddable":true,"href":"https:\/\/marekayachting.com\/en\/wp-json\/wp\/v2\/comments?post=299"}],"version-history":[{"count":34,"href":"https:\/\/marekayachting.com\/en\/wp-json\/wp\/v2\/pages\/299\/revisions"}],"predecessor-version":[{"id":901,"href":"https:\/\/marekayachting.com\/en\/wp-json\/wp\/v2\/pages\/299\/revisions\/901"}],"wp:attachment":[{"href":"https:\/\/marekayachting.com\/en\/wp-json\/wp\/v2\/media?parent=299"}],"curies":[{"name":"wp","href":"https:\/\/api.w.org\/{rel}","templated":true}]}}